{"id":157,"date":"2017-07-11T13:50:36","date_gmt":"2017-07-11T13:50:36","guid":{"rendered":"https:\/\/cs5arla.com\/site\/?page_id=157"},"modified":"2024-04-16T16:19:28","modified_gmt":"2024-04-16T16:19:28","slug":"ser-associado","status":"publish","type":"page","link":"https:\/\/www.cs5arla.pt\/site\/ser-associado\/","title":{"rendered":"Ser associado\/a"},"content":{"rendered":"\n<p>Caso pretenda vir a fazer parte desta equipa, aceite desde j\u00e1 as nossas mais calorosas boas vindas a bordo!<br>Para tal dever\u00e1 preencher o <strong><a href=\"https:\/\/docs.google.com\/forms\/d\/e\/1FAIpQLSeI4xN66NwxxNHhHDJCy53rgwwJQjyvyHW366DQ55IYUqbs_g\/viewform?pli=1\" target=\"_blank\" rel=\"noreferrer noopener\">formul\u00e1rio de inscri\u00e7\u00e3o<\/a><\/strong> online.<\/p>\n\n\n\n<p>O pagamento da quotiza\u00e7\u00e3o dever\u00e1 ser efetuado preferencialmente por <a href=\"..\/quotizacao\" target=\"_blank\" rel=\"noreferrer noopener\">transfer\u00eancia banc\u00e1ria<\/a> com o envio do comprovativo para o nosso endere\u00e7o oficial de correio electr\u00f3nico cs5arla (AT) gmail.com .<\/p>\n\n\n\n<p>De momento, n\u00e3o cobramos qualquer j\u00f3ia de inscri\u00e7\u00e3o, sendo \u00fanica obriga\u00e7\u00e3o de entrada o <a href=\"..\/quotizacao\" target=\"_blank\" rel=\"noreferrer noopener\">pagamento da sua quota anual<\/a>.<br>Seja qual for a sua decis\u00e3o continuaremos amigos e a trabalhar pelo Radioamadorismo \u00absem olhar a quem\u00bb, no entanto a porta ficar\u00e1 sempre aberta \u00e0 sua espera, se mudar de ideias entre e venha juntar-se a n\u00f3s!<\/p>\n\n\n\n<p>Em homenagem ao Dia Internacional da Mulher celebrado a 8 de mar\u00e7o, foi deliberado por unanimidade e aclama\u00e7\u00e3o na Assembleia-geral Ordin\u00e1ria de Associados da&nbsp;Associa\u00e7\u00e3o de Radioamadores do Litoral Alentejano&nbsp;de 2016, que a partir dessa data, todas as senhoras ou meninas&nbsp;radioamadoras ou em vias de o ser, que se queiram associar est\u00e3o isentas&nbsp;do pagamento de quotas.<\/p>\n","protected":false},"excerpt":{"rendered":"<p>Caso pretenda vir a fazer parte desta equipa, aceite desde j\u00e1 as nossas mais calorosas boas vindas a bordo!Para tal dever\u00e1 preencher o formul\u00e1rio de inscri\u00e7\u00e3o online. O pagamento da quotiza\u00e7\u00e3o dever\u00e1 ser efetuado preferencialmente por transfer\u00eancia banc\u00e1ria com o envio do comprovativo para o nosso endere\u00e7o oficial de correio &hellip;<\/p>\n","protected":false},"author":1,"featured_media":0,"parent":0,"menu_order":1,"comment_status":"closed","ping_status":"closed","template":"","meta":{"footnotes":""},"class_list":["post-157","page","type-page","status-publish","hentry"],"_links":{"self":[{"href":"https:\/\/www.cs5arla.pt\/site\/wp-json\/wp\/v2\/pages\/157","targetHints":{"allow":["GET"]}}],"collection":[{"href":"https:\/\/www.cs5arla.pt\/site\/wp-json\/wp\/v2\/pages"}],"about":[{"href":"https:\/\/www.cs5arla.pt\/site\/wp-json\/wp\/v2\/types\/page"}],"author":[{"embeddable":true,"href":"https:\/\/www.cs5arla.pt\/site\/wp-json\/wp\/v2\/users\/1"}],"replies":[{"embeddable":true,"href":"https:\/\/www.cs5arla.pt\/site\/wp-json\/wp\/v2\/comments?post=157"}],"version-history":[{"count":29,"href":"https:\/\/www.cs5arla.pt\/site\/wp-json\/wp\/v2\/pages\/157\/revisions"}],"predecessor-version":[{"id":1392,"href":"https:\/\/www.cs5arla.pt\/site\/wp-json\/wp\/v2\/pages\/157\/revisions\/1392"}],"wp:attachment":[{"href":"https:\/\/www.cs5arla.pt\/site\/wp-json\/wp\/v2\/media?parent=157"}],"curies":[{"name":"wp","href":"https:\/\/api.w.org\/{rel}","templated":true}]}}