{"id":212,"date":"2017-07-12T09:06:50","date_gmt":"2017-07-12T09:06:50","guid":{"rendered":"https:\/\/cs5arla.com\/site\/?page_id=212"},"modified":"2024-04-16T11:44:52","modified_gmt":"2024-04-16T11:44:52","slug":"radioamador","status":"publish","type":"page","link":"https:\/\/www.cs5arla.pt\/site\/radioamador\/","title":{"rendered":"Radioamador"},"content":{"rendered":"<p>Radioamador \u00e9 um individuo que, como passatempo, utiliza uma esta\u00e7\u00e3o de r\u00e1dio para comunicar-se com outras, sem prop\u00f3sitos comerciais, e devidamente licenciado para tal.<\/p>\n<p>Esta talvez seja a melhor descri\u00e7\u00e3o curta para descrever o que \u00e9 um radioamador, contudo s\u00e3o pessoas simples iguais a tantas outras que nos cruzamos no dia a dia na rua.<\/p>\n<p>Ser Radioamador \u00e9 a partilha de conhecimentos e de meios, \u00e9 ser altru\u00edsta a ponto de colocar o seu equipamento a ajudar a salvar vidas, efectuando comunica\u00e7\u00f5es de emerg\u00eancia, ap\u00f3s um desastre natural como tsunamis, enchentes, terramotos, etc.<\/p>\n<p>Ser Radioamador \u00e9 a constante procura do conhecimento sobre as v\u00e1rias mat\u00e9rias em que este hobby est\u00e1 interligado.<\/p>\n<p>O radioamador \u00e9 uma pessoa que gosta de comunicar, e estabelece comunica\u00e7\u00f5es desde da sua posi\u00e7\u00e3o (casa, carro) at\u00e9 outro radioamador que pode ser logo ali na pr\u00f3xima localidade, como estar do outro lado do mundo, e o prazer de estar a efectuar esse contacto \u00e9 sem duvida o fulcro geracional de amizades e de contactos que se podem gerar com pessoas de diferentes ra\u00e7as, credos, idades, ou profiss\u00f5es, para qualquer uma delas o mais importante \u00e9 o hobby, e este mais do que qualquer outro n\u00e3o conhece fronteiras.<\/p>\n<p>Tentarei descrever em poucas linhas as poss\u00edveis formas que um radioamador tem para expandir o seu hobby<\/p>\n<ul>\n<li>comunica\u00e7\u00f5es a longa dist\u00e2ncia DX ,\u00a0gera trocas de QSL (postais que confirmam o contacto),\u00a0gera concursos internacionais<\/li>\n<li>Estudo da propaga\u00e7\u00e3o, fundamental para quem quer comunicar a curta e longa dist\u00e2ncia, conhecimento de tempestades electromagneticas, manchas solares, e as suas influ\u00eancias na ionosfera.<\/li>\n<li>Comunica\u00e7\u00f5es digitais, formas de comunicar via escrita e de voz atrav\u00e9s de software e com a ajuda de um computador port\u00e1til<\/li>\n<li>Comunica\u00e7\u00f5es via sat\u00e9lite, (comunicar com astronautas da ISS)<\/li>\n<li>Comunica\u00e7\u00f5es EME \u00a0Reflex\u00e3o lunar, Os sinais \u00a0percorrem uma dist\u00e2ncia aproximada de 770.000 Km a 800.000 Km dependendo do perigeu e do apogeu da Lua<\/li>\n<li>Constru\u00e7\u00e3o e melhoramentos de antenas<\/li>\n<li>Na parte da electr\u00f3nica temos o desenvolvimento e cria\u00e7\u00e3o de novos circuitos de forma a assegurar o melhor desempenho nas comunica\u00e7\u00f5es.<\/li>\n<\/ul>\n<p>Isto \u00e9 uma forma muito reduzida do que \u00e9 o Radioamadorismo. Se est\u00e1s preparado para isto, v\u00ea como podes ingressar neste mundo, segue o menu lateral para te inteirares das regras principais.<\/p>\n<p>73\u00b4by CT7acn<\/p>\n<div align=\"center\">\n<div style=\"width: 426px;\" class=\"wp-video\"><!--[if lt IE 9]><script>document.createElement('video');<\/script><![endif]-->\n<video class=\"wp-video-shortcode\" id=\"video-212-1\" width=\"426\" height=\"240\" preload=\"auto\" controls=\"controls\"><source type=\"video\/mp4\" src=\"https:\/\/cs5arla.pt\/site\/wp-content\/uploads\/2017\/07\/hamRadio.mp4?_=1\" \/><a href=\"https:\/\/cs5arla.pt\/site\/wp-content\/uploads\/2017\/07\/hamRadio.mp4\">https:\/\/cs5arla.pt\/site\/wp-content\/uploads\/2017\/07\/hamRadio.mp4<\/a><\/video><\/div>\n<p>Apesar de ser um video com publicidade mostra na integra, atrav\u00e9s do pequeno actor a ess\u00eancia do radioamador, a procura constante, o melhoramento, e o desenvolvimento<\/p>\n<\/div>\n","protected":false},"excerpt":{"rendered":"<p>Radioamador \u00e9 um individuo que, como passatempo, utiliza uma esta\u00e7\u00e3o de r\u00e1dio para comunicar-se com outras, sem prop\u00f3sitos comerciais, e devidamente licenciado para tal. Esta talvez seja a melhor descri\u00e7\u00e3o curta para descrever o que \u00e9 um radioamador, contudo s\u00e3o pessoas simples iguais a tantas outras que nos cruzamos no &hellip;<\/p>\n","protected":false},"author":1,"featured_media":0,"parent":0,"menu_order":0,"comment_status":"closed","ping_status":"closed","template":"","meta":{"footnotes":""},"class_list":["post-212","page","type-page","status-publish","hentry"],"_links":{"self":[{"href":"https:\/\/www.cs5arla.pt\/site\/wp-json\/wp\/v2\/pages\/212","targetHints":{"allow":["GET"]}}],"collection":[{"href":"https:\/\/www.cs5arla.pt\/site\/wp-json\/wp\/v2\/pages"}],"about":[{"href":"https:\/\/www.cs5arla.pt\/site\/wp-json\/wp\/v2\/types\/page"}],"author":[{"embeddable":true,"href":"https:\/\/www.cs5arla.pt\/site\/wp-json\/wp\/v2\/users\/1"}],"replies":[{"embeddable":true,"href":"https:\/\/www.cs5arla.pt\/site\/wp-json\/wp\/v2\/comments?post=212"}],"version-history":[{"count":24,"href":"https:\/\/www.cs5arla.pt\/site\/wp-json\/wp\/v2\/pages\/212\/revisions"}],"predecessor-version":[{"id":1264,"href":"https:\/\/www.cs5arla.pt\/site\/wp-json\/wp\/v2\/pages\/212\/revisions\/1264"}],"wp:attachment":[{"href":"https:\/\/www.cs5arla.pt\/site\/wp-json\/wp\/v2\/media?parent=212"}],"curies":[{"name":"wp","href":"https:\/\/api.w.org\/{rel}","templated":true}]}}