{"id":598,"date":"2018-05-15T13:50:14","date_gmt":"2018-05-15T13:50:14","guid":{"rendered":"https:\/\/cs5arla.com\/site\/?page_id=598"},"modified":"2024-04-16T11:42:40","modified_gmt":"2024-04-16T11:42:40","slug":"direcao-tecnica","status":"publish","type":"page","link":"https:\/\/www.cs5arla.pt\/site\/direcao-tecnica\/","title":{"rendered":"Dire\u00e7\u00e3o T\u00e9cnica"},"content":{"rendered":"<div class=\"gmail_default\"><strong>Instala\u00e7\u00f5es de uso comum de telefonia digital e anal\u00f3gica,\u00a0<\/strong><strong>Antenas e linhas de transmiss\u00e3o.<\/strong><\/div>\n<div><\/div>\n<ul>\n<li class=\"gmail_default\">Carlos Mourato (CT4RK)<\/li>\n<li class=\"gmail_default\">Jorge Santos (CT1JIB)<\/li>\n<\/ul>\n<div class=\"gmail_default\"><\/div>\n<div class=\"gmail_default\"><strong>Sistemas wireless IP, comunica\u00e7\u00e3o de dados, APRS.\u00a0<\/strong><\/div>\n<div><\/div>\n<ul>\n<li class=\"gmail_default\">Pedro Ribeiro (CT7ABP)<\/li>\n<li class=\"gmail_default\">S\u00e9rgio Matias (CT1HMN)<\/li>\n<\/ul>\n<div><\/div>\n<div><strong>Electricidade e sistemas de alimenta\u00e7\u00e3o\u00a0 \u00a0<\/strong><\/div>\n<div><\/div>\n<ul>\n<li>Jo\u00e3o L\u00e1zaro (CT2GQL)<\/li>\n<\/ul>\n<div class=\"gmail_default\"><\/div>\n<div class=\"gmail_default\"><strong>Sistemas inform\u00e1ticos, WEB designer, Redes Sociais \u00a0 \u00a0\u00a0<\/strong><\/div>\n<div><\/div>\n<ul>\n<li class=\"gmail_default\">Paulo Martins (CS7AGH)<\/li>\n<\/ul>\n<div class=\"gmail_default\"><\/div>\n<div class=\"gmail_default\"><\/div>\n","protected":false},"excerpt":{"rendered":"<p>Instala\u00e7\u00f5es de uso comum de telefonia digital e anal\u00f3gica,\u00a0Antenas e linhas de transmiss\u00e3o. Carlos Mourato (CT4RK) Jorge Santos (CT1JIB) Sistemas wireless IP, comunica\u00e7\u00e3o de dados, APRS.\u00a0 Pedro Ribeiro (CT7ABP) S\u00e9rgio Matias (CT1HMN) Electricidade e sistemas de alimenta\u00e7\u00e3o\u00a0 \u00a0 Jo\u00e3o L\u00e1zaro (CT2GQL) Sistemas inform\u00e1ticos, WEB designer, Redes Sociais \u00a0 \u00a0\u00a0 Paulo &hellip;<\/p>\n","protected":false},"author":1,"featured_media":0,"parent":0,"menu_order":5,"comment_status":"closed","ping_status":"closed","template":"","meta":{"footnotes":""},"class_list":["post-598","page","type-page","status-publish","hentry"],"_links":{"self":[{"href":"https:\/\/www.cs5arla.pt\/site\/wp-json\/wp\/v2\/pages\/598","targetHints":{"allow":["GET"]}}],"collection":[{"href":"https:\/\/www.cs5arla.pt\/site\/wp-json\/wp\/v2\/pages"}],"about":[{"href":"https:\/\/www.cs5arla.pt\/site\/wp-json\/wp\/v2\/types\/page"}],"author":[{"embeddable":true,"href":"https:\/\/www.cs5arla.pt\/site\/wp-json\/wp\/v2\/users\/1"}],"replies":[{"embeddable":true,"href":"https:\/\/www.cs5arla.pt\/site\/wp-json\/wp\/v2\/comments?post=598"}],"version-history":[{"count":10,"href":"https:\/\/www.cs5arla.pt\/site\/wp-json\/wp\/v2\/pages\/598\/revisions"}],"predecessor-version":[{"id":918,"href":"https:\/\/www.cs5arla.pt\/site\/wp-json\/wp\/v2\/pages\/598\/revisions\/918"}],"wp:attachment":[{"href":"https:\/\/www.cs5arla.pt\/site\/wp-json\/wp\/v2\/media?parent=598"}],"curies":[{"name":"wp","href":"https:\/\/api.w.org\/{rel}","templated":true}]}}