{"id":684,"date":"2019-03-18T16:45:47","date_gmt":"2019-03-18T16:45:47","guid":{"rendered":"https:\/\/arla.org.pt\/site\/?page_id=684"},"modified":"2024-04-16T11:45:42","modified_gmt":"2024-04-16T11:45:42","slug":"contactos","status":"publish","type":"page","link":"https:\/\/www.cs5arla.pt\/site\/contactos\/","title":{"rendered":"Contactos"},"content":{"rendered":"<p>Associa\u00e7\u00e3o de Radioamadores do Litoral Alentejano (ARLA)<br \/>\nRua do Parque 10<br \/>\n(Antigo Col\u00e9gio de S. Jos\u00e9)<br \/>\n7540-180 Santiago do Cac\u00e9m<br \/>\nPortugal<\/p>\n<p>e-mail: cs5arla (AT) gmail.com<\/p>\n<p>GPS:\u00a038.017372, -8.695195 |\u00a038\u00b001&#8217;02.5&#8243;N 8\u00b041&#8217;42.7&#8243;W<br \/>\nQuadr\u00edcula Maidenhead: IM58pa<\/p>\n<p><a href=\"https:\/\/www.google.pt\/maps\/dir\/\/Rua+do+Parque+10,+7540-105+Santiago+do+Cac\u00e9m\/@38.0174149,-8.695797,19z\/data=!4m9!4m8!1m0!1m5!1m1!1s0xd1bc7a2f23bab63:0xd6472b1a0275a797!2m2!1d-8.6952498!2d38.0174149!3e0\" target=\"_blank\" rel=\"noopener\">Dire\u00e7\u00f5es via Google Maps<\/a><\/p>\n","protected":false},"excerpt":{"rendered":"<p>Associa\u00e7\u00e3o de Radioamadores do Litoral Alentejano (ARLA) Rua do Parque 10 (Antigo Col\u00e9gio de S. Jos\u00e9) 7540-180 Santiago do Cac\u00e9m Portugal e-mail: cs5arla (AT) gmail.com GPS:\u00a038.017372, -8.695195 |\u00a038\u00b001&#8217;02.5&#8243;N 8\u00b041&#8217;42.7&#8243;W Quadr\u00edcula Maidenhead: IM58pa Dire\u00e7\u00f5es via Google Maps<\/p>\n","protected":false},"author":1,"featured_media":0,"parent":0,"menu_order":0,"comment_status":"closed","ping_status":"closed","template":"","meta":{"footnotes":""},"class_list":["post-684","page","type-page","status-publish","hentry"],"_links":{"self":[{"href":"https:\/\/www.cs5arla.pt\/site\/wp-json\/wp\/v2\/pages\/684","targetHints":{"allow":["GET"]}}],"collection":[{"href":"https:\/\/www.cs5arla.pt\/site\/wp-json\/wp\/v2\/pages"}],"about":[{"href":"https:\/\/www.cs5arla.pt\/site\/wp-json\/wp\/v2\/types\/page"}],"author":[{"embeddable":true,"href":"https:\/\/www.cs5arla.pt\/site\/wp-json\/wp\/v2\/users\/1"}],"replies":[{"embeddable":true,"href":"https:\/\/www.cs5arla.pt\/site\/wp-json\/wp\/v2\/comments?post=684"}],"version-history":[{"count":10,"href":"https:\/\/www.cs5arla.pt\/site\/wp-json\/wp\/v2\/pages\/684\/revisions"}],"predecessor-version":[{"id":926,"href":"https:\/\/www.cs5arla.pt\/site\/wp-json\/wp\/v2\/pages\/684\/revisions\/926"}],"wp:attachment":[{"href":"https:\/\/www.cs5arla.pt\/site\/wp-json\/wp\/v2\/media?parent=684"}],"curies":[{"name":"wp","href":"https:\/\/api.w.org\/{rel}","templated":true}]}}