{"id":862,"date":"2019-03-24T21:53:34","date_gmt":"2019-03-24T21:53:34","guid":{"rendered":"https:\/\/arla.org.pt\/site\/?page_id=862"},"modified":"2024-04-16T11:42:00","modified_gmt":"2024-04-16T11:42:00","slug":"quotizacao","status":"publish","type":"page","link":"https:\/\/www.cs5arla.pt\/site\/quotizacao\/","title":{"rendered":"Quotiza\u00e7\u00e3o"},"content":{"rendered":"<p>Prezado Associado,<\/p>\n<p>Para efectuar a liquida\u00e7\u00e3o da sua quotiza\u00e7\u00e3o anual no valor de \u20ac20,00 (vinte euros) e desde que n\u00e3o esteja isento, dever\u00e1 utilizar de prefer\u00eancia um dos diversos servi\u00e7os de transfer\u00eancias ou pagamentos electr\u00f3nicos \u00e0 sua disposi\u00e7\u00e3o.<\/p>\n<p>Se utilizar algum destes m\u00e9todos, deve conhecer os seguintes dados referentes \u00e0 nossa associa\u00e7\u00e3o:<\/p>\n<p style=\"padding-left: 30px;\">IBAN: PT50 0035 0729 00014769230 25<br \/>\nNIB: 0035 0729 00014769230 25<br \/>\nAssocia\u00e7\u00e3o de Radioamadores do Litoral Alentejano (ARLA)<\/p>\n<p><strong>Aten\u00e7\u00e3o<\/strong>, independentemente do m\u00e9todo que utilizar, o seu <strong>pagamento<\/strong> dever\u00e1 <strong>ser sempre e obrigatoriamente confirmado<\/strong> para a Associa\u00e7\u00e3o de Radioamadores do Litoral Alentejano atrav\u00e9s do nosso endere\u00e7o oficial de correio electr\u00f3nico cs5arla (AT) gmail.com .<\/p>\n<p>Assim:<\/p>\n<ol>\n<li>Aconselhamos sempre que poss\u00edvel a realizar a sua transfer\u00eancia interbanc\u00e1ria pela Internet atrav\u00e9s do sistema <em>Homebanking<\/em>.<\/li>\n<li><strong>Obrigatoriamente<\/strong> dever\u00e1 <strong>sempre<\/strong> enviar para a ARLA o respectivo comprovativo digitalizado, ou fazer o envio do comprovativo directamente do sistema <em>Homebanking<\/em>, para o nosso endere\u00e7o oficial de correio electr\u00f3nico cs5arla (AT) gmail.com .<\/li>\n<li>No caso da transfer\u00eancia pela Internet, deve colocar <strong>obrigatoriamente<\/strong> na &#8220;Descri\u00e7\u00e3o&#8221; da refer\u00eancia da transfer\u00eancia interbanc\u00e1ria, os seguintes dados:<br \/>\n(o seu indicativo de amador, ou caso n\u00e3o o possua, o seu primeiro e \u00faltimo nome) &#8220;Quota&#8221; (Ano ou Anos a que se refere)<br \/>\nExemplo: &#8220;CTXxyz Quota 2019&#8221;<\/li>\n<\/ol>\n<p>Em caso de qualquer d\u00favida queira por favor contactar-nos para o nosso endere\u00e7o oficial de correio electr\u00f3nico cs5arla (AT) gmail.com .<\/p>\n","protected":false},"excerpt":{"rendered":"<p>Prezado Associado, Para efectuar a liquida\u00e7\u00e3o da sua quotiza\u00e7\u00e3o anual no valor de \u20ac20,00 (vinte euros) e desde que n\u00e3o esteja isento, dever\u00e1 utilizar de prefer\u00eancia um dos diversos servi\u00e7os de transfer\u00eancias ou pagamentos electr\u00f3nicos \u00e0 sua disposi\u00e7\u00e3o. Se utilizar algum destes m\u00e9todos, deve conhecer os seguintes dados referentes \u00e0 &hellip;<\/p>\n","protected":false},"author":1,"featured_media":0,"parent":0,"menu_order":8,"comment_status":"closed","ping_status":"closed","template":"","meta":{"footnotes":""},"class_list":["post-862","page","type-page","status-publish","hentry"],"_links":{"self":[{"href":"https:\/\/www.cs5arla.pt\/site\/wp-json\/wp\/v2\/pages\/862","targetHints":{"allow":["GET"]}}],"collection":[{"href":"https:\/\/www.cs5arla.pt\/site\/wp-json\/wp\/v2\/pages"}],"about":[{"href":"https:\/\/www.cs5arla.pt\/site\/wp-json\/wp\/v2\/types\/page"}],"author":[{"embeddable":true,"href":"https:\/\/www.cs5arla.pt\/site\/wp-json\/wp\/v2\/users\/1"}],"replies":[{"embeddable":true,"href":"https:\/\/www.cs5arla.pt\/site\/wp-json\/wp\/v2\/comments?post=862"}],"version-history":[{"count":6,"href":"https:\/\/www.cs5arla.pt\/site\/wp-json\/wp\/v2\/pages\/862\/revisions"}],"predecessor-version":[{"id":927,"href":"https:\/\/www.cs5arla.pt\/site\/wp-json\/wp\/v2\/pages\/862\/revisions\/927"}],"wp:attachment":[{"href":"https:\/\/www.cs5arla.pt\/site\/wp-json\/wp\/v2\/media?parent=862"}],"curies":[{"name":"wp","href":"https:\/\/api.w.org\/{rel}","templated":true}]}}