{"id":980,"date":"2019-04-10T09:43:11","date_gmt":"2019-04-10T09:43:11","guid":{"rendered":"https:\/\/arla.org.pt\/site\/?page_id=980"},"modified":"2024-04-16T11:44:03","modified_gmt":"2024-04-16T11:44:03","slug":"satelite-qo-100-2","status":"publish","type":"page","link":"https:\/\/www.cs5arla.pt\/site\/satelite-qo-100-2\/","title":{"rendered":"Sat\u00e9lite QO-100 (2)"},"content":{"rendered":"<h1 class=\"entry-title\">Es\u2019hail 2 \/&nbsp;QO-100<\/h1>\n<p><strong>KG-STV no QO-100<\/strong><br \/>\n<em>por Miguel Pelicano, CT1BYM (associado n\u00fam. 71)<\/em><\/p>\n<p>O KG-STV \u00e9 um sistema de SSTV digital desenvolvido por JJ0OBZ. As imagens s\u00e3o divididas em blocos de 16&#215;16 pixels que s\u00e3o comprimidos e transmitidos. Todas as imagens s\u00e3o de formato 320&#215;240 como nalguns modos de SSTV anal\u00f3gico. O KG-STV usa apenas uma largura de banda de 600Hz e os erros na imagem recebida, devido ao desvanecimento (fading), QRM, etc., podem ser corrigidos enviando um Relat\u00f3rio de Segmento Incompactado (BSR) para a esta\u00e7\u00e3o de origem que, assim, pode retransmitir os blocos necess\u00e1rios para concluir a imagem. Tamb\u00e9m podem ser enviadas mensagens curtas de texto.<\/p>\n<p><img decoding=\"async\" src=\"..\/..\/..\/wp-content\/uploads\/qo100_2_1.jpg\" alt=\"qo100_2_1\"><\/p>\n<p>Este modo de emiss\u00e3o est\u00e1 a ser utilizado no sat\u00e9lite QO-100, por volta da frequ\u00eancia de 10.489,626MHz.<\/p>\n<p><img decoding=\"async\" src=\"..\/..\/..\/wp-content\/uploads\/qo100_2_2.jpg\" alt=\"qo100_2_2\"><\/p>\n<p>Quem usa um LNB comercial com o Oscilador Local em 9.750GHz, dever\u00e1 escutar o sinal em 739.626MHz (+-desvios&#8230;).<\/p>\n<p><img decoding=\"async\" src=\"..\/..\/..\/wp-content\/uploads\/qo100_2_3.jpg\" alt=\"qo100_2_3\"><\/p>\n<p>Recomendo o uso de um LNB disciplinado com PLL referenciado externamente. Estou a fazer testes de momento com uma antena parab\u00f3lica Prime Focus com 1,2m de di\u00e2metro, LNB e PLL da DxPatrol. Para emiss\u00e3o, 2W e uma antena de 1m de di\u00e2metro ser\u00e3o suficientes, desde que o feed esteja bem projetado e instalado.<\/p>\n<p><img decoding=\"async\" src=\"..\/..\/..\/wp-content\/uploads\/qo100_2_4.jpg\" alt=\"qo100_2_4\"><\/p>\n<p><img decoding=\"async\" src=\"..\/..\/..\/wp-content\/uploads\/qo100_2_5.jpg\" alt=\"qo100_2_5\"><\/p>\n<p>O software pode ser descarregado em <a href=\"http:\/\/www2.plala.or.jp\/hikokibiyori\/soft\/kgstv\/kgstv.zip\">http:\/\/www2.plala.or.jp\/hikokibiyori\/soft\/kgstv\/kgstv.zip<\/a><\/p>\n<p>Podem ver alguns testes em <a href=\"https:\/\/g0mgx.blogspot.com\/2019\/04\/digital-tv-really-qo-100-again.html\">https:\/\/g0mgx.blogspot.com\/2019\/04\/digital-tv-really-qo-100-again.html<\/a><\/p>\n<p>73!<\/p>\n<p>Autor: Miguel Pelicano, CT1BYM (associado n\u00fam. 71)<\/p>\n","protected":false},"excerpt":{"rendered":"<p>Es\u2019hail 2 \/&nbsp;QO-100 KG-STV no QO-100 por Miguel Pelicano, CT1BYM (associado n\u00fam. 71) O KG-STV \u00e9 um sistema de SSTV digital desenvolvido por JJ0OBZ. As imagens s\u00e3o divididas em blocos de 16&#215;16 pixels que s\u00e3o comprimidos e transmitidos. Todas as imagens s\u00e3o de formato 320&#215;240 como nalguns modos de SSTV &hellip;<\/p>\n","protected":false},"author":1,"featured_media":0,"parent":0,"menu_order":2,"comment_status":"closed","ping_status":"closed","template":"","meta":{"footnotes":""},"class_list":["post-980","page","type-page","status-publish","hentry"],"_links":{"self":[{"href":"https:\/\/www.cs5arla.pt\/site\/wp-json\/wp\/v2\/pages\/980","targetHints":{"allow":["GET"]}}],"collection":[{"href":"https:\/\/www.cs5arla.pt\/site\/wp-json\/wp\/v2\/pages"}],"about":[{"href":"https:\/\/www.cs5arla.pt\/site\/wp-json\/wp\/v2\/types\/page"}],"author":[{"embeddable":true,"href":"https:\/\/www.cs5arla.pt\/site\/wp-json\/wp\/v2\/users\/1"}],"replies":[{"embeddable":true,"href":"https:\/\/www.cs5arla.pt\/site\/wp-json\/wp\/v2\/comments?post=980"}],"version-history":[{"count":7,"href":"https:\/\/www.cs5arla.pt\/site\/wp-json\/wp\/v2\/pages\/980\/revisions"}],"predecessor-version":[{"id":1290,"href":"https:\/\/www.cs5arla.pt\/site\/wp-json\/wp\/v2\/pages\/980\/revisions\/1290"}],"wp:attachment":[{"href":"https:\/\/www.cs5arla.pt\/site\/wp-json\/wp\/v2\/media?parent=980"}],"curies":[{"name":"wp","href":"https:\/\/api.w.org\/{rel}","templated":true}]}}